{"id":2900,"date":"2018-03-26T05:32:48","date_gmt":"2018-03-26T04:32:48","guid":{"rendered":"https:\/\/woo-themes-plugins.com\/product\/assinatura-woocommerce-pagamento-recorrente-plugin-woocommerce\/"},"modified":"2018-03-26T05:32:48","modified_gmt":"2018-03-26T04:32:48","slug":"assinatura-woocommerce-pagamento-recorrente-plugin-woocommerce","status":"publish","type":"product","link":"https:\/\/woo-themes-plugins.com\/pt-br\/product\/assinatura-woocommerce-pagamento-recorrente-plugin-woocommerce\/","title":{"rendered":"Assinatura WooCommerce &#8211; Pagamento Recorrente &#8211; Plugin WooCommerce"},"content":{"rendered":"<p><span id=\"result_box\" class=\"\" lang=\"pt\">O com\u00e9rcio \u00e9 por defini\u00e7\u00e3o flutuante. Como prever o n\u00edvel de suas vendas de um m\u00eas para outro? Muitos fatores podem influenciar as vendas de um m\u00eas para o pr\u00f3ximo, para ter certeza quando o volume de neg\u00f3cios no final do m\u00eas. E se eu disser que existe uma solu\u00e7\u00e3o? Configurando uma assinatura! Uma assinatura \u00e9 a certeza de saber antecipadamente o seu volume de neg\u00f3cios.<\/span><\/p>\n","protected":false},"excerpt":{"rendered":"<p><span id=\"result_box\" class=\"\" lang=\"pt\">O plug-in de assinatura WooCommerce permitir\u00e1 que voc\u00ea configure um sistema de pagamento recorrente em seu site de com\u00e9rcio eletr\u00f4nico WooCommerce, como uma assinatura da sua loja.<\/span><\/p>\n","protected":false},"featured_media":2402,"template":"","meta":{"_monsterinsights_skip_tracking":false,"_monsterinsights_sitenote_active":false,"_monsterinsights_sitenote_note":"","_monsterinsights_sitenote_category":0},"product_cat":[216],"product_tag":[900,927,897],"class_list":["post-2900","product","type-product","status-publish","has-post-thumbnail","hentry","product_cat-plugin-woocommerce-pt-br","product_tag-loja-do-woocommerce-sports","product_tag-pedido-de-solucao-woocommerce","product_tag-woocommerce-indispensavel","pa_dev-woo-plugin-theme-woocommerce-pt-br","pa_marketplace-woocommerce-woocommerce-com-pt-br"],"yoast_head":"<!-- This site is optimized with the Yoast SEO plugin v23.1 - https:\/\/yoast.com\/wordpress\/plugins\/seo\/ -->\n<title>Assinatura WooCommerce - Pagamento Recorrente - Plugin WooCommerce<\/title>\n<meta name=\"description\" content=\"O plugin WooCommerce para gerenciar pagamentos recorrentes em seu site de com\u00e9rcio eletr\u00f4nico, ou dito de outra forma, este plugin permitir\u00e1 que voc\u00ea configure uma assinatura em seu site WooCommerce.\" \/>\n<meta name=\"robots\" content=\"index, follow, max-snippet:-1, max-image-preview:large, max-video-preview:-1\" \/>\n<link rel=\"canonical\" href=\"https:\/\/woo-themes-plugins.com\/pt-br\/produto\/assinatura-woocommerce-pagamento-recorrente-plugin-woocommerce\/\" \/>\n<meta property=\"og:locale\" content=\"pt_BR\" \/>\n<meta property=\"og:type\" content=\"article\" \/>\n<meta property=\"og:title\" content=\"Assinatura WooCommerce - Pagamento Recorrente - Plugin WooCommerce\" \/>\n<meta property=\"og:description\" content=\"O plugin WooCommerce para gerenciar pagamentos recorrentes em seu site de com\u00e9rcio eletr\u00f4nico, ou dito de outra forma, este plugin permitir\u00e1 que voc\u00ea configure uma assinatura em seu site WooCommerce.\" \/>\n<meta property=\"og:url\" content=\"https:\/\/woo-themes-plugins.com\/pt-br\/produto\/assinatura-woocommerce-pagamento-recorrente-plugin-woocommerce\/\" \/>\n<meta property=\"og:site_name\" content=\"Woo-themes-plugins.com\" \/>\n<meta property=\"og:image\" content=\"https:\/\/woo-themes-plugins.com\/wp-content\/uploads\/sites\/7\/2018\/03\/woo-themes-plugins_woocommerce-subscription-payement.jpg\" \/>\n\t<meta property=\"og:image:width\" content=\"900\" \/>\n\t<meta property=\"og:image:height\" content=\"900\" \/>\n\t<meta property=\"og:image:type\" content=\"image\/jpeg\" \/>\n<script type=\"application\/ld+json\" class=\"yoast-schema-graph\">{\"@context\":\"https:\/\/schema.org\",\"@graph\":[{\"@type\":\"WebPage\",\"@id\":\"https:\/\/woo-themes-plugins.com\/pt-br\/produto\/assinatura-woocommerce-pagamento-recorrente-plugin-woocommerce\/\",\"url\":\"https:\/\/woo-themes-plugins.com\/pt-br\/produto\/assinatura-woocommerce-pagamento-recorrente-plugin-woocommerce\/\",\"name\":\"Assinatura WooCommerce - Pagamento Recorrente - Plugin WooCommerce\",\"isPartOf\":{\"@id\":\"https:\/\/woo-themes-plugins.com\/it\/#website\"},\"primaryImageOfPage\":{\"@id\":\"https:\/\/woo-themes-plugins.com\/pt-br\/produto\/assinatura-woocommerce-pagamento-recorrente-plugin-woocommerce\/#primaryimage\"},\"image\":{\"@id\":\"https:\/\/woo-themes-plugins.com\/pt-br\/produto\/assinatura-woocommerce-pagamento-recorrente-plugin-woocommerce\/#primaryimage\"},\"thumbnailUrl\":\"https:\/\/woo-themes-plugins.com\/wp-content\/uploads\/sites\/7\/2018\/03\/woo-themes-plugins_woocommerce-subscription-payement.jpg\",\"datePublished\":\"2018-03-26T04:32:48+00:00\",\"dateModified\":\"2018-03-26T04:32:48+00:00\",\"description\":\"O plugin WooCommerce para gerenciar pagamentos recorrentes em seu site de com\u00e9rcio eletr\u00f4nico, ou dito de outra forma, este plugin permitir\u00e1 que voc\u00ea configure uma assinatura em seu site WooCommerce.\",\"breadcrumb\":{\"@id\":\"https:\/\/woo-themes-plugins.com\/pt-br\/produto\/assinatura-woocommerce-pagamento-recorrente-plugin-woocommerce\/#breadcrumb\"},\"inLanguage\":\"pt-BR\",\"potentialAction\":[{\"@type\":\"ReadAction\",\"target\":[\"https:\/\/woo-themes-plugins.com\/pt-br\/produto\/assinatura-woocommerce-pagamento-recorrente-plugin-woocommerce\/\"]}]},{\"@type\":\"ImageObject\",\"inLanguage\":\"pt-BR\",\"@id\":\"https:\/\/woo-themes-plugins.com\/pt-br\/produto\/assinatura-woocommerce-pagamento-recorrente-plugin-woocommerce\/#primaryimage\",\"url\":\"https:\/\/woo-themes-plugins.com\/wp-content\/uploads\/sites\/7\/2018\/03\/woo-themes-plugins_woocommerce-subscription-payement.jpg\",\"contentUrl\":\"https:\/\/woo-themes-plugins.com\/wp-content\/uploads\/sites\/7\/2018\/03\/woo-themes-plugins_woocommerce-subscription-payement.jpg\",\"width\":900,\"height\":900},{\"@type\":\"BreadcrumbList\",\"@id\":\"https:\/\/woo-themes-plugins.com\/pt-br\/produto\/assinatura-woocommerce-pagamento-recorrente-plugin-woocommerce\/#breadcrumb\",\"itemListElement\":[{\"@type\":\"ListItem\",\"position\":1,\"name\":\"Accueil\",\"item\":\"https:\/\/woo-themes-plugins.com\/fr\/\"},{\"@type\":\"ListItem\",\"position\":2,\"name\":\"Shop\",\"item\":\"https:\/\/woo-themes-plugins.com\/shop\/\"},{\"@type\":\"ListItem\",\"position\":3,\"name\":\"Assinatura WooCommerce &#8211; Pagamento Recorrente &#8211; Plugin WooCommerce\"}]},{\"@type\":\"WebSite\",\"@id\":\"https:\/\/woo-themes-plugins.com\/it\/#website\",\"url\":\"https:\/\/woo-themes-plugins.com\/it\/\",\"name\":\"Woo-themes-plugins.com\",\"description\":\"Tous les th\u00e8mes et plugins WooCommerce Premium\",\"potentialAction\":[{\"@type\":\"SearchAction\",\"target\":{\"@type\":\"EntryPoint\",\"urlTemplate\":\"https:\/\/woo-themes-plugins.com\/it\/?s={search_term_string}\"},\"query-input\":\"required name=search_term_string\"}],\"inLanguage\":\"pt-BR\"}]}<\/script>\n<!-- \/ Yoast SEO plugin. -->","yoast_head_json":{"title":"Assinatura WooCommerce - Pagamento Recorrente - Plugin WooCommerce","description":"O plugin WooCommerce para gerenciar pagamentos recorrentes em seu site de com\u00e9rcio eletr\u00f4nico, ou dito de outra forma, este plugin permitir\u00e1 que voc\u00ea configure uma assinatura em seu site WooCommerce.","robots":{"index":"index","follow":"follow","max-snippet":"max-snippet:-1","max-image-preview":"max-image-preview:large","max-video-preview":"max-video-preview:-1"},"canonical":"https:\/\/woo-themes-plugins.com\/pt-br\/produto\/assinatura-woocommerce-pagamento-recorrente-plugin-woocommerce\/","og_locale":"pt_BR","og_type":"article","og_title":"Assinatura WooCommerce - Pagamento Recorrente - Plugin WooCommerce","og_description":"O plugin WooCommerce para gerenciar pagamentos recorrentes em seu site de com\u00e9rcio eletr\u00f4nico, ou dito de outra forma, este plugin permitir\u00e1 que voc\u00ea configure uma assinatura em seu site WooCommerce.","og_url":"https:\/\/woo-themes-plugins.com\/pt-br\/produto\/assinatura-woocommerce-pagamento-recorrente-plugin-woocommerce\/","og_site_name":"Woo-themes-plugins.com","og_image":[{"width":900,"height":900,"url":"https:\/\/woo-themes-plugins.com\/wp-content\/uploads\/sites\/7\/2018\/03\/woo-themes-plugins_woocommerce-subscription-payement.jpg","type":"image\/jpeg"}],"schema":{"@context":"https:\/\/schema.org","@graph":[{"@type":"WebPage","@id":"https:\/\/woo-themes-plugins.com\/pt-br\/produto\/assinatura-woocommerce-pagamento-recorrente-plugin-woocommerce\/","url":"https:\/\/woo-themes-plugins.com\/pt-br\/produto\/assinatura-woocommerce-pagamento-recorrente-plugin-woocommerce\/","name":"Assinatura WooCommerce - Pagamento Recorrente - Plugin WooCommerce","isPartOf":{"@id":"https:\/\/woo-themes-plugins.com\/it\/#website"},"primaryImageOfPage":{"@id":"https:\/\/woo-themes-plugins.com\/pt-br\/produto\/assinatura-woocommerce-pagamento-recorrente-plugin-woocommerce\/#primaryimage"},"image":{"@id":"https:\/\/woo-themes-plugins.com\/pt-br\/produto\/assinatura-woocommerce-pagamento-recorrente-plugin-woocommerce\/#primaryimage"},"thumbnailUrl":"https:\/\/woo-themes-plugins.com\/wp-content\/uploads\/sites\/7\/2018\/03\/woo-themes-plugins_woocommerce-subscription-payement.jpg","datePublished":"2018-03-26T04:32:48+00:00","dateModified":"2018-03-26T04:32:48+00:00","description":"O plugin WooCommerce para gerenciar pagamentos recorrentes em seu site de com\u00e9rcio eletr\u00f4nico, ou dito de outra forma, este plugin permitir\u00e1 que voc\u00ea configure uma assinatura em seu site WooCommerce.","breadcrumb":{"@id":"https:\/\/woo-themes-plugins.com\/pt-br\/produto\/assinatura-woocommerce-pagamento-recorrente-plugin-woocommerce\/#breadcrumb"},"inLanguage":"pt-BR","potentialAction":[{"@type":"ReadAction","target":["https:\/\/woo-themes-plugins.com\/pt-br\/produto\/assinatura-woocommerce-pagamento-recorrente-plugin-woocommerce\/"]}]},{"@type":"ImageObject","inLanguage":"pt-BR","@id":"https:\/\/woo-themes-plugins.com\/pt-br\/produto\/assinatura-woocommerce-pagamento-recorrente-plugin-woocommerce\/#primaryimage","url":"https:\/\/woo-themes-plugins.com\/wp-content\/uploads\/sites\/7\/2018\/03\/woo-themes-plugins_woocommerce-subscription-payement.jpg","contentUrl":"https:\/\/woo-themes-plugins.com\/wp-content\/uploads\/sites\/7\/2018\/03\/woo-themes-plugins_woocommerce-subscription-payement.jpg","width":900,"height":900},{"@type":"BreadcrumbList","@id":"https:\/\/woo-themes-plugins.com\/pt-br\/produto\/assinatura-woocommerce-pagamento-recorrente-plugin-woocommerce\/#breadcrumb","itemListElement":[{"@type":"ListItem","position":1,"name":"Accueil","item":"https:\/\/woo-themes-plugins.com\/fr\/"},{"@type":"ListItem","position":2,"name":"Shop","item":"https:\/\/woo-themes-plugins.com\/shop\/"},{"@type":"ListItem","position":3,"name":"Assinatura WooCommerce &#8211; Pagamento Recorrente &#8211; Plugin WooCommerce"}]},{"@type":"WebSite","@id":"https:\/\/woo-themes-plugins.com\/it\/#website","url":"https:\/\/woo-themes-plugins.com\/it\/","name":"Woo-themes-plugins.com","description":"Tous les th\u00e8mes et plugins WooCommerce Premium","potentialAction":[{"@type":"SearchAction","target":{"@type":"EntryPoint","urlTemplate":"https:\/\/woo-themes-plugins.com\/it\/?s={search_term_string}"},"query-input":"required name=search_term_string"}],"inLanguage":"pt-BR"}]}},"_links":{"self":[{"href":"https:\/\/woo-themes-plugins.com\/pt-br\/wp-json\/wp\/v2\/product\/2900","targetHints":{"allow":["GET"]}}],"collection":[{"href":"https:\/\/woo-themes-plugins.com\/pt-br\/wp-json\/wp\/v2\/product"}],"about":[{"href":"https:\/\/woo-themes-plugins.com\/pt-br\/wp-json\/wp\/v2\/types\/product"}],"wp:featuredmedia":[{"embeddable":true,"href":"https:\/\/woo-themes-plugins.com\/pt-br\/wp-json\/wp\/v2\/media\/2402"}],"wp:attachment":[{"href":"https:\/\/woo-themes-plugins.com\/pt-br\/wp-json\/wp\/v2\/media?parent=2900"}],"wp:term":[{"taxonomy":"product_cat","embeddable":true,"href":"https:\/\/woo-themes-plugins.com\/pt-br\/wp-json\/wp\/v2\/product_cat?post=2900"},{"taxonomy":"product_tag","embeddable":true,"href":"https:\/\/woo-themes-plugins.com\/pt-br\/wp-json\/wp\/v2\/product_tag?post=2900"}],"curies":[{"name":"wp","href":"https:\/\/api.w.org\/{rel}","templated":true}]}}