{"id":2901,"date":"2018-03-24T07:06:49","date_gmt":"2018-03-24T06:06:49","guid":{"rendered":"https:\/\/woo-themes-plugins.com\/product\/complementos-do-produto-produto-customizavel-pelo-cliente-plugin-woocommerce\/"},"modified":"2018-03-24T07:06:49","modified_gmt":"2018-03-24T06:06:49","slug":"complementos-do-produto-produto-customizavel-pelo-cliente-plugin-woocommerce","status":"publish","type":"product","link":"https:\/\/woo-themes-plugins.com\/pt-br\/product\/complementos-do-produto-produto-customizavel-pelo-cliente-plugin-woocommerce\/","title":{"rendered":"Complementos do Produto &#8211; Produto Customiz\u00e1vel pelo Cliente &#8211; Plugin WooCommerce"},"content":{"rendered":"<p><span id=\"result_box\" class=\"\" lang=\"pt\"><span title=\"Product add-ons est un plugin officiel WooCommerce qui permettra \u00e0 tes clients de personnaliser leurs produits en ajoutant de nouvelles options comme un champ texte, une liste d\u00e9roulante de choix ou encore des choix par boutons radios.\">Os complementos de produto s\u00e3o um plug-in oficial do WooCommerce que permitir\u00e1 que seus clientes personalizem seus produtos adicionando novas op\u00e7\u00f5es, como um campo de texto, uma lista suspensa de op\u00e7\u00f5es ou op\u00e7\u00f5es de bot\u00e3o de op\u00e7\u00e3o. <\/span><span title=\"Cette extension WooCommerce a \u00e9t\u00e9 pr\u00e9vue pour rendre de nombreux services comme par exemple l'ajout d'un message, une donation, un texte ou une image \u00e0 graver au laser sur un produit, un message \u00e0 imprimer sur un t-shirt...\">Esta extens\u00e3o WooCommerce foi planejada para fazer muitos servi\u00e7os, como adicionar uma mensagem, uma doa\u00e7\u00e3o, um texto ou uma imagem para grava\u00e7\u00e3o a laser em um produto, uma mensagem para imprimir em uma t-shirt &#8230; <\/span><span title=\"la liste est longue.\">a lista \u00e9 longa. <\/span><span title=\"Ce plugin WooCommerce sera particuli\u00e8rement utile lorsque ton produit n\u00e9cessitera une entr\u00e9e de la part de ton client.\n\n\">Este plugin WooCommerce ser\u00e1 particularmente \u00fatil quando o seu produto exigir uma entrada do seu cliente.<\/p>\n<p><\/span><span title=\"Cette extension WooCommerce supporte diff\u00e9rents types de champs comme les champs texte, les s\u00e9lections multiples, les s\u00e9lections par radio boutons, un champ prix libre ou encore un champ d'envoi de fichier par le client.\n\n\">Essa extens\u00e3o WooCommerce suporta diferentes tipos de campos, como campos de texto, v\u00e1rias sele\u00e7\u00f5es, sele\u00e7\u00f5es de bot\u00e3o de op\u00e7\u00e3o, um campo de pre\u00e7o gratuito ou um campo de envio de arquivo pelo cliente.<\/p>\n<p><\/span><span title=\"Product Add-ons peut \u00eatre activ\u00e9 pour toute ta boutique WooCommerce ou seulement sur des produits cibl\u00e9s.\">Os complementos de produto podem ser ativados para toda a sua loja WooCommerce ou apenas em produtos direcionados. <\/span><span title=\"Pratique.\">Pr\u00e1tica. <\/span><span title=\"Bien entendu, cette extension est compatible avec WooCommerce Subscription, l'un des plugins phare de WooCommerce.\n\n\">Claro, essa extens\u00e3o \u00e9 compat\u00edvel com o WooCommerce Subscription, um dos principais plugins do WooCommerce.<\/p>\n<p><\/span><span title=\"Une fois le plugin activ\u00e9 et configur\u00e9, les nouveaux champs apparaitrons juste en dessous de la description courte, avant le bouton d'ajout au panier.\">Depois que o plugin for ativado e configurado, os novos campos aparecer\u00e3o logo abaixo da descri\u00e7\u00e3o curta, antes do bot\u00e3o Adicionar ao Carrinho.<\/span><\/span><\/p>\n","protected":false},"excerpt":{"rendered":"<p><span id=\"result_box\" class=\"\" lang=\"pt\">O plugin Product Add-Ons, que \u00e9 desenvolvido pela WooCommerce.com, permitir\u00e1 que voc\u00ea introduza em suas \u00e1reas de produtos que seu cliente ter\u00e1 que preencher para personalizar. Basicamente, se voc\u00ea tem um produto e se prop\u00f5e a gravar, imprimir, desenhar, imprimir uma mensagem ou uma imagem nele, ent\u00e3o este \u00e9 o plugin que voc\u00ea precisa.<\/span><\/p>\n","protected":false},"featured_media":241,"template":"","meta":{"_monsterinsights_skip_tracking":false,"_monsterinsights_sitenote_active":false,"_monsterinsights_sitenote_note":"","_monsterinsights_sitenote_category":0},"product_cat":[216],"product_tag":[927],"class_list":["post-2901","product","type-product","status-publish","has-post-thumbnail","hentry","product_cat-plugin-woocommerce-pt-br","product_tag-pedido-de-solucao-woocommerce","pa_dev-woo-plugin-theme-woocommerce-pt-br","pa_marketplace-woocommerce-woocommerce-com-pt-br"],"yoast_head":"<!-- This site is optimized with the Yoast SEO plugin v23.1 - https:\/\/yoast.com\/wordpress\/plugins\/seo\/ -->\n<title>Amazon Pay - Solu\u00e7\u00e3o de pagamento WooCommerce - Plugin WooCommerce<\/title>\n<meta name=\"description\" content=\"O plugin WooCommerce para gerenciar a solu\u00e7\u00e3o de pagamento Stripe.\" \/>\n<meta name=\"robots\" content=\"index, follow, max-snippet:-1, max-image-preview:large, max-video-preview:-1\" \/>\n<link rel=\"canonical\" href=\"https:\/\/woo-themes-plugins.com\/pt-br\/produto\/complementos-do-produto-produto-customizavel-pelo-cliente-plugin-woocommerce\/\" \/>\n<meta property=\"og:locale\" content=\"pt_BR\" \/>\n<meta property=\"og:type\" content=\"article\" \/>\n<meta property=\"og:title\" content=\"Amazon Pay - Solu\u00e7\u00e3o de pagamento WooCommerce - Plugin WooCommerce\" \/>\n<meta property=\"og:description\" content=\"O plugin WooCommerce para gerenciar a solu\u00e7\u00e3o de pagamento Stripe.\" \/>\n<meta property=\"og:url\" content=\"https:\/\/woo-themes-plugins.com\/pt-br\/produto\/complementos-do-produto-produto-customizavel-pelo-cliente-plugin-woocommerce\/\" \/>\n<meta property=\"og:site_name\" content=\"Woo-themes-plugins.com\" \/>\n<meta property=\"og:image\" content=\"https:\/\/woo-themes-plugins.com\/wp-content\/uploads\/sites\/7\/2018\/03\/product-add-ons-woocommerce.jpg\" \/>\n\t<meta property=\"og:image:width\" content=\"1024\" \/>\n\t<meta property=\"og:image:height\" content=\"512\" \/>\n\t<meta property=\"og:image:type\" content=\"image\/jpeg\" \/>\n<meta name=\"twitter:label1\" content=\"Est. tempo de leitura\" \/>\n\t<meta name=\"twitter:data1\" content=\"1 minuto\" \/>\n<script type=\"application\/ld+json\" class=\"yoast-schema-graph\">{\"@context\":\"https:\/\/schema.org\",\"@graph\":[{\"@type\":\"WebPage\",\"@id\":\"https:\/\/woo-themes-plugins.com\/pt-br\/produto\/complementos-do-produto-produto-customizavel-pelo-cliente-plugin-woocommerce\/\",\"url\":\"https:\/\/woo-themes-plugins.com\/pt-br\/produto\/complementos-do-produto-produto-customizavel-pelo-cliente-plugin-woocommerce\/\",\"name\":\"Amazon Pay - Solu\u00e7\u00e3o de pagamento WooCommerce - Plugin WooCommerce\",\"isPartOf\":{\"@id\":\"https:\/\/woo-themes-plugins.com\/it\/#website\"},\"primaryImageOfPage\":{\"@id\":\"https:\/\/woo-themes-plugins.com\/pt-br\/produto\/complementos-do-produto-produto-customizavel-pelo-cliente-plugin-woocommerce\/#primaryimage\"},\"image\":{\"@id\":\"https:\/\/woo-themes-plugins.com\/pt-br\/produto\/complementos-do-produto-produto-customizavel-pelo-cliente-plugin-woocommerce\/#primaryimage\"},\"thumbnailUrl\":\"https:\/\/woo-themes-plugins.com\/wp-content\/uploads\/sites\/7\/2018\/03\/product-add-ons-woocommerce.jpg\",\"datePublished\":\"2018-03-24T06:06:49+00:00\",\"dateModified\":\"2018-03-24T06:06:49+00:00\",\"description\":\"O plugin WooCommerce para gerenciar a solu\u00e7\u00e3o de pagamento Stripe.\",\"breadcrumb\":{\"@id\":\"https:\/\/woo-themes-plugins.com\/pt-br\/produto\/complementos-do-produto-produto-customizavel-pelo-cliente-plugin-woocommerce\/#breadcrumb\"},\"inLanguage\":\"pt-BR\",\"potentialAction\":[{\"@type\":\"ReadAction\",\"target\":[\"https:\/\/woo-themes-plugins.com\/pt-br\/produto\/complementos-do-produto-produto-customizavel-pelo-cliente-plugin-woocommerce\/\"]}]},{\"@type\":\"ImageObject\",\"inLanguage\":\"pt-BR\",\"@id\":\"https:\/\/woo-themes-plugins.com\/pt-br\/produto\/complementos-do-produto-produto-customizavel-pelo-cliente-plugin-woocommerce\/#primaryimage\",\"url\":\"https:\/\/woo-themes-plugins.com\/wp-content\/uploads\/sites\/7\/2018\/03\/product-add-ons-woocommerce.jpg\",\"contentUrl\":\"https:\/\/woo-themes-plugins.com\/wp-content\/uploads\/sites\/7\/2018\/03\/product-add-ons-woocommerce.jpg\",\"width\":1024,\"height\":512},{\"@type\":\"BreadcrumbList\",\"@id\":\"https:\/\/woo-themes-plugins.com\/pt-br\/produto\/complementos-do-produto-produto-customizavel-pelo-cliente-plugin-woocommerce\/#breadcrumb\",\"itemListElement\":[{\"@type\":\"ListItem\",\"position\":1,\"name\":\"Accueil\",\"item\":\"https:\/\/woo-themes-plugins.com\/fr\/\"},{\"@type\":\"ListItem\",\"position\":2,\"name\":\"Shop\",\"item\":\"https:\/\/woo-themes-plugins.com\/shop\/\"},{\"@type\":\"ListItem\",\"position\":3,\"name\":\"Complementos do Produto &#8211; Produto Customiz\u00e1vel pelo Cliente &#8211; Plugin WooCommerce\"}]},{\"@type\":\"WebSite\",\"@id\":\"https:\/\/woo-themes-plugins.com\/it\/#website\",\"url\":\"https:\/\/woo-themes-plugins.com\/it\/\",\"name\":\"Woo-themes-plugins.com\",\"description\":\"Tous les th\u00e8mes et plugins WooCommerce Premium\",\"potentialAction\":[{\"@type\":\"SearchAction\",\"target\":{\"@type\":\"EntryPoint\",\"urlTemplate\":\"https:\/\/woo-themes-plugins.com\/it\/?s={search_term_string}\"},\"query-input\":\"required name=search_term_string\"}],\"inLanguage\":\"pt-BR\"}]}<\/script>\n<!-- \/ Yoast SEO plugin. -->","yoast_head_json":{"title":"Amazon Pay - Solu\u00e7\u00e3o de pagamento WooCommerce - Plugin WooCommerce","description":"O plugin WooCommerce para gerenciar a solu\u00e7\u00e3o de pagamento Stripe.","robots":{"index":"index","follow":"follow","max-snippet":"max-snippet:-1","max-image-preview":"max-image-preview:large","max-video-preview":"max-video-preview:-1"},"canonical":"https:\/\/woo-themes-plugins.com\/pt-br\/produto\/complementos-do-produto-produto-customizavel-pelo-cliente-plugin-woocommerce\/","og_locale":"pt_BR","og_type":"article","og_title":"Amazon Pay - Solu\u00e7\u00e3o de pagamento WooCommerce - Plugin WooCommerce","og_description":"O plugin WooCommerce para gerenciar a solu\u00e7\u00e3o de pagamento Stripe.","og_url":"https:\/\/woo-themes-plugins.com\/pt-br\/produto\/complementos-do-produto-produto-customizavel-pelo-cliente-plugin-woocommerce\/","og_site_name":"Woo-themes-plugins.com","og_image":[{"width":1024,"height":512,"url":"https:\/\/woo-themes-plugins.com\/wp-content\/uploads\/sites\/7\/2018\/03\/product-add-ons-woocommerce.jpg","type":"image\/jpeg"}],"twitter_misc":{"Est. tempo de leitura":"1 minuto"},"schema":{"@context":"https:\/\/schema.org","@graph":[{"@type":"WebPage","@id":"https:\/\/woo-themes-plugins.com\/pt-br\/produto\/complementos-do-produto-produto-customizavel-pelo-cliente-plugin-woocommerce\/","url":"https:\/\/woo-themes-plugins.com\/pt-br\/produto\/complementos-do-produto-produto-customizavel-pelo-cliente-plugin-woocommerce\/","name":"Amazon Pay - Solu\u00e7\u00e3o de pagamento WooCommerce - Plugin WooCommerce","isPartOf":{"@id":"https:\/\/woo-themes-plugins.com\/it\/#website"},"primaryImageOfPage":{"@id":"https:\/\/woo-themes-plugins.com\/pt-br\/produto\/complementos-do-produto-produto-customizavel-pelo-cliente-plugin-woocommerce\/#primaryimage"},"image":{"@id":"https:\/\/woo-themes-plugins.com\/pt-br\/produto\/complementos-do-produto-produto-customizavel-pelo-cliente-plugin-woocommerce\/#primaryimage"},"thumbnailUrl":"https:\/\/woo-themes-plugins.com\/wp-content\/uploads\/sites\/7\/2018\/03\/product-add-ons-woocommerce.jpg","datePublished":"2018-03-24T06:06:49+00:00","dateModified":"2018-03-24T06:06:49+00:00","description":"O plugin WooCommerce para gerenciar a solu\u00e7\u00e3o de pagamento Stripe.","breadcrumb":{"@id":"https:\/\/woo-themes-plugins.com\/pt-br\/produto\/complementos-do-produto-produto-customizavel-pelo-cliente-plugin-woocommerce\/#breadcrumb"},"inLanguage":"pt-BR","potentialAction":[{"@type":"ReadAction","target":["https:\/\/woo-themes-plugins.com\/pt-br\/produto\/complementos-do-produto-produto-customizavel-pelo-cliente-plugin-woocommerce\/"]}]},{"@type":"ImageObject","inLanguage":"pt-BR","@id":"https:\/\/woo-themes-plugins.com\/pt-br\/produto\/complementos-do-produto-produto-customizavel-pelo-cliente-plugin-woocommerce\/#primaryimage","url":"https:\/\/woo-themes-plugins.com\/wp-content\/uploads\/sites\/7\/2018\/03\/product-add-ons-woocommerce.jpg","contentUrl":"https:\/\/woo-themes-plugins.com\/wp-content\/uploads\/sites\/7\/2018\/03\/product-add-ons-woocommerce.jpg","width":1024,"height":512},{"@type":"BreadcrumbList","@id":"https:\/\/woo-themes-plugins.com\/pt-br\/produto\/complementos-do-produto-produto-customizavel-pelo-cliente-plugin-woocommerce\/#breadcrumb","itemListElement":[{"@type":"ListItem","position":1,"name":"Accueil","item":"https:\/\/woo-themes-plugins.com\/fr\/"},{"@type":"ListItem","position":2,"name":"Shop","item":"https:\/\/woo-themes-plugins.com\/shop\/"},{"@type":"ListItem","position":3,"name":"Complementos do Produto &#8211; Produto Customiz\u00e1vel pelo Cliente &#8211; Plugin WooCommerce"}]},{"@type":"WebSite","@id":"https:\/\/woo-themes-plugins.com\/it\/#website","url":"https:\/\/woo-themes-plugins.com\/it\/","name":"Woo-themes-plugins.com","description":"Tous les th\u00e8mes et plugins WooCommerce Premium","potentialAction":[{"@type":"SearchAction","target":{"@type":"EntryPoint","urlTemplate":"https:\/\/woo-themes-plugins.com\/it\/?s={search_term_string}"},"query-input":"required name=search_term_string"}],"inLanguage":"pt-BR"}]}},"_links":{"self":[{"href":"https:\/\/woo-themes-plugins.com\/pt-br\/wp-json\/wp\/v2\/product\/2901","targetHints":{"allow":["GET"]}}],"collection":[{"href":"https:\/\/woo-themes-plugins.com\/pt-br\/wp-json\/wp\/v2\/product"}],"about":[{"href":"https:\/\/woo-themes-plugins.com\/pt-br\/wp-json\/wp\/v2\/types\/product"}],"wp:featuredmedia":[{"embeddable":true,"href":"https:\/\/woo-themes-plugins.com\/pt-br\/wp-json\/wp\/v2\/media\/241"}],"wp:attachment":[{"href":"https:\/\/woo-themes-plugins.com\/pt-br\/wp-json\/wp\/v2\/media?parent=2901"}],"wp:term":[{"taxonomy":"product_cat","embeddable":true,"href":"https:\/\/woo-themes-plugins.com\/pt-br\/wp-json\/wp\/v2\/product_cat?post=2901"},{"taxonomy":"product_tag","embeddable":true,"href":"https:\/\/woo-themes-plugins.com\/pt-br\/wp-json\/wp\/v2\/product_tag?post=2901"}],"curies":[{"name":"wp","href":"https:\/\/api.w.org\/{rel}","templated":true}]}}