{"id":2902,"date":"2018-03-24T06:59:20","date_gmt":"2018-03-24T05:59:20","guid":{"rendered":"https:\/\/woo-themes-plugins.com\/product\/facebook-para-woocommerce-plugin-de-rede-social-plugin-woocommerce\/"},"modified":"2018-03-24T06:59:20","modified_gmt":"2018-03-24T05:59:20","slug":"facebook-para-woocommerce-plugin-de-rede-social-plugin-woocommerce","status":"publish","type":"product","link":"https:\/\/woo-themes-plugins.com\/pt-br\/product\/facebook-para-woocommerce-plugin-de-rede-social-plugin-woocommerce\/","title":{"rendered":"Facebook para WooCommerce &#8211; Plugin de Rede Social &#8211; Plugin WooCommerce"},"content":{"rendered":"<p><span id=\"result_box\" class=\"\" lang=\"pt\"><span title=\"Ce plugin WooCommerce Facebook va te permettre d'ajouter un l\u00e9vier de vente important \u00e0 ton site WooCommerce : la gestion simple de ta page Facebook.\n\n\">Este plugin WooCommerce Facebook permitir\u00e1 que voc\u00ea adicione um receptor de vendas importante para o seu site WooCommerce: o simples gerenciamento de sua p\u00e1gina no Facebook.<\/p>\n<p><\/span><span title=\"Avec ce plugin, tu vas pouvoir r\u00e9aliser deux choses importantes : Partager tes produits simplement par WordPress sur Facebook et te permettre de cr\u00e9er une page de type shop.\n\n\">Com este plugin, voc\u00ea poder\u00e1 conseguir duas coisas importantes: Compartilhe seus produtos simplesmente pelo WordPress no Facebook e permita que voc\u00ea crie uma p\u00e1gina de tipo de loja.<\/p>\n<p><\/span><span title=\"Faire du marketing sur Facebook c'est s'offrir la possibilit\u00e9 d'atteindre des clients qui n'auraient jamais eu connaissance de notre site autrement.\">Fazer marketing no Facebook \u00e9 oferecer a possibilidade de alcan\u00e7ar clientes que nunca teriam conhecimento do nosso site. <\/span><span title=\"Avec l'extension Facebook Ads la t\u00e2che de ciblage de ton futur auditoire s'en trouvera fortement simplifi\u00e9.\">Com a extens\u00e3o de an\u00fancios do Facebook, a tarefa de segmentar seu futuro p\u00fablico ser\u00e1 bastante simplificada. <\/span><span title=\"Cela te permettra de maximiser les performances de ta campagne Facebook, de trouver de nouveaux clients et de suivre la progression et de calculer le r\u00e9sultat final.\n\n\">Isso permitir\u00e1 que voc\u00ea maximize o desempenho de sua campanha no Facebook, encontre novos clientes e acompanhe o progresso e calcule o resultado final.<\/p>\n<p><\/span><span title=\"Pour ce qui est de la cr\u00e9ation d'une r\u00e9plication de sa boutique WooCommerce sur Facebook, ce plugin va te permettre de soumettre tout ton catalogue en un seul clic.\">Em termos de criar uma replica\u00e7\u00e3o de sua loja WooCommerce no Facebook, este plugin permitir\u00e1 que voc\u00ea envie todo o seu cat\u00e1logo com um clique. <\/span><span title=\"Avec cette extension WooCommerce, ta boutique en ligne va s'ouvrir \u00e0 des milliers de nouveaux clients.\">Com esta extens\u00e3o WooCommerce, sua loja online abrir\u00e1 milhares de novos clientes.<\/span><\/span><\/p>\n","protected":false},"excerpt":{"rendered":"<p><span id=\"result_box\" class=\"\" lang=\"pt\">O plugin oficial do Facebook para WooCommerce permitir\u00e1 que voc\u00ea conecte facilmente seu eCommerce Shop WooCommerce \u00e0 sua p\u00e1gina do Facebook, com todos os recursos interessantes.<\/span><\/p>\n","protected":false},"featured_media":234,"template":"","meta":{"_monsterinsights_skip_tracking":false,"_monsterinsights_sitenote_active":false,"_monsterinsights_sitenote_note":"","_monsterinsights_sitenote_category":0},"product_cat":[216],"product_tag":[949,927,897],"class_list":["post-2902","product","type-product","status-publish","has-post-thumbnail","hentry","product_cat-plugin-woocommerce-pt-br","product_tag-extensao-gratuita-do-woocommerce","product_tag-pedido-de-solucao-woocommerce","product_tag-woocommerce-indispensavel","pa_dev-woo-plugin-theme-facebook-pt-br","pa_marketplace-woocommerce-woocommerce-com-pt-br"],"yoast_head":"<!-- This site is optimized with the Yoast SEO plugin v23.1 - https:\/\/yoast.com\/wordpress\/plugins\/seo\/ -->\n<title>Amazon Pay - Solu\u00e7\u00e3o de pagamento WooCommerce - Plugin WooCommerce<\/title>\n<meta name=\"description\" content=\"O plugin WooCommerce para gerenciar a solu\u00e7\u00e3o de pagamento Stripe.\" \/>\n<meta name=\"robots\" content=\"index, follow, max-snippet:-1, max-image-preview:large, max-video-preview:-1\" \/>\n<link rel=\"canonical\" href=\"https:\/\/woo-themes-plugins.com\/pt-br\/produto\/facebook-para-woocommerce-plugin-de-rede-social-plugin-woocommerce\/\" \/>\n<meta property=\"og:locale\" content=\"pt_BR\" \/>\n<meta property=\"og:type\" content=\"article\" \/>\n<meta property=\"og:title\" content=\"Amazon Pay - Solu\u00e7\u00e3o de pagamento WooCommerce - Plugin WooCommerce\" \/>\n<meta property=\"og:description\" content=\"O plugin WooCommerce para gerenciar a solu\u00e7\u00e3o de pagamento Stripe.\" \/>\n<meta property=\"og:url\" content=\"https:\/\/woo-themes-plugins.com\/pt-br\/produto\/facebook-para-woocommerce-plugin-de-rede-social-plugin-woocommerce\/\" \/>\n<meta property=\"og:site_name\" content=\"Woo-themes-plugins.com\" \/>\n<meta property=\"og:image\" content=\"https:\/\/woo-themes-plugins.com\/wp-content\/uploads\/sites\/7\/2018\/03\/Hacking-facebook-login.jpg\" \/>\n\t<meta property=\"og:image:width\" content=\"728\" \/>\n\t<meta property=\"og:image:height\" content=\"450\" \/>\n\t<meta property=\"og:image:type\" content=\"image\/jpeg\" \/>\n<meta name=\"twitter:label1\" content=\"Est. tempo de leitura\" \/>\n\t<meta name=\"twitter:data1\" content=\"1 minuto\" \/>\n<script type=\"application\/ld+json\" class=\"yoast-schema-graph\">{\"@context\":\"https:\/\/schema.org\",\"@graph\":[{\"@type\":\"WebPage\",\"@id\":\"https:\/\/woo-themes-plugins.com\/pt-br\/produto\/facebook-para-woocommerce-plugin-de-rede-social-plugin-woocommerce\/\",\"url\":\"https:\/\/woo-themes-plugins.com\/pt-br\/produto\/facebook-para-woocommerce-plugin-de-rede-social-plugin-woocommerce\/\",\"name\":\"Amazon Pay - Solu\u00e7\u00e3o de pagamento WooCommerce - Plugin WooCommerce\",\"isPartOf\":{\"@id\":\"https:\/\/woo-themes-plugins.com\/it\/#website\"},\"primaryImageOfPage\":{\"@id\":\"https:\/\/woo-themes-plugins.com\/pt-br\/produto\/facebook-para-woocommerce-plugin-de-rede-social-plugin-woocommerce\/#primaryimage\"},\"image\":{\"@id\":\"https:\/\/woo-themes-plugins.com\/pt-br\/produto\/facebook-para-woocommerce-plugin-de-rede-social-plugin-woocommerce\/#primaryimage\"},\"thumbnailUrl\":\"https:\/\/woo-themes-plugins.com\/wp-content\/uploads\/sites\/7\/2018\/03\/Hacking-facebook-login.jpg\",\"datePublished\":\"2018-03-24T05:59:20+00:00\",\"dateModified\":\"2018-03-24T05:59:20+00:00\",\"description\":\"O plugin WooCommerce para gerenciar a solu\u00e7\u00e3o de pagamento Stripe.\",\"breadcrumb\":{\"@id\":\"https:\/\/woo-themes-plugins.com\/pt-br\/produto\/facebook-para-woocommerce-plugin-de-rede-social-plugin-woocommerce\/#breadcrumb\"},\"inLanguage\":\"pt-BR\",\"potentialAction\":[{\"@type\":\"ReadAction\",\"target\":[\"https:\/\/woo-themes-plugins.com\/pt-br\/produto\/facebook-para-woocommerce-plugin-de-rede-social-plugin-woocommerce\/\"]}]},{\"@type\":\"ImageObject\",\"inLanguage\":\"pt-BR\",\"@id\":\"https:\/\/woo-themes-plugins.com\/pt-br\/produto\/facebook-para-woocommerce-plugin-de-rede-social-plugin-woocommerce\/#primaryimage\",\"url\":\"https:\/\/woo-themes-plugins.com\/wp-content\/uploads\/sites\/7\/2018\/03\/Hacking-facebook-login.jpg\",\"contentUrl\":\"https:\/\/woo-themes-plugins.com\/wp-content\/uploads\/sites\/7\/2018\/03\/Hacking-facebook-login.jpg\",\"width\":728,\"height\":450},{\"@type\":\"BreadcrumbList\",\"@id\":\"https:\/\/woo-themes-plugins.com\/pt-br\/produto\/facebook-para-woocommerce-plugin-de-rede-social-plugin-woocommerce\/#breadcrumb\",\"itemListElement\":[{\"@type\":\"ListItem\",\"position\":1,\"name\":\"Accueil\",\"item\":\"https:\/\/woo-themes-plugins.com\/fr\/\"},{\"@type\":\"ListItem\",\"position\":2,\"name\":\"Shop\",\"item\":\"https:\/\/woo-themes-plugins.com\/shop\/\"},{\"@type\":\"ListItem\",\"position\":3,\"name\":\"Facebook para WooCommerce &#8211; Plugin de Rede Social &#8211; Plugin WooCommerce\"}]},{\"@type\":\"WebSite\",\"@id\":\"https:\/\/woo-themes-plugins.com\/it\/#website\",\"url\":\"https:\/\/woo-themes-plugins.com\/it\/\",\"name\":\"Woo-themes-plugins.com\",\"description\":\"Tous les th\u00e8mes et plugins WooCommerce Premium\",\"potentialAction\":[{\"@type\":\"SearchAction\",\"target\":{\"@type\":\"EntryPoint\",\"urlTemplate\":\"https:\/\/woo-themes-plugins.com\/it\/?s={search_term_string}\"},\"query-input\":\"required name=search_term_string\"}],\"inLanguage\":\"pt-BR\"}]}<\/script>\n<!-- \/ Yoast SEO plugin. -->","yoast_head_json":{"title":"Amazon Pay - Solu\u00e7\u00e3o de pagamento WooCommerce - Plugin WooCommerce","description":"O plugin WooCommerce para gerenciar a solu\u00e7\u00e3o de pagamento Stripe.","robots":{"index":"index","follow":"follow","max-snippet":"max-snippet:-1","max-image-preview":"max-image-preview:large","max-video-preview":"max-video-preview:-1"},"canonical":"https:\/\/woo-themes-plugins.com\/pt-br\/produto\/facebook-para-woocommerce-plugin-de-rede-social-plugin-woocommerce\/","og_locale":"pt_BR","og_type":"article","og_title":"Amazon Pay - Solu\u00e7\u00e3o de pagamento WooCommerce - Plugin WooCommerce","og_description":"O plugin WooCommerce para gerenciar a solu\u00e7\u00e3o de pagamento Stripe.","og_url":"https:\/\/woo-themes-plugins.com\/pt-br\/produto\/facebook-para-woocommerce-plugin-de-rede-social-plugin-woocommerce\/","og_site_name":"Woo-themes-plugins.com","og_image":[{"width":728,"height":450,"url":"https:\/\/woo-themes-plugins.com\/wp-content\/uploads\/sites\/7\/2018\/03\/Hacking-facebook-login.jpg","type":"image\/jpeg"}],"twitter_misc":{"Est. tempo de leitura":"1 minuto"},"schema":{"@context":"https:\/\/schema.org","@graph":[{"@type":"WebPage","@id":"https:\/\/woo-themes-plugins.com\/pt-br\/produto\/facebook-para-woocommerce-plugin-de-rede-social-plugin-woocommerce\/","url":"https:\/\/woo-themes-plugins.com\/pt-br\/produto\/facebook-para-woocommerce-plugin-de-rede-social-plugin-woocommerce\/","name":"Amazon Pay - Solu\u00e7\u00e3o de pagamento WooCommerce - Plugin WooCommerce","isPartOf":{"@id":"https:\/\/woo-themes-plugins.com\/it\/#website"},"primaryImageOfPage":{"@id":"https:\/\/woo-themes-plugins.com\/pt-br\/produto\/facebook-para-woocommerce-plugin-de-rede-social-plugin-woocommerce\/#primaryimage"},"image":{"@id":"https:\/\/woo-themes-plugins.com\/pt-br\/produto\/facebook-para-woocommerce-plugin-de-rede-social-plugin-woocommerce\/#primaryimage"},"thumbnailUrl":"https:\/\/woo-themes-plugins.com\/wp-content\/uploads\/sites\/7\/2018\/03\/Hacking-facebook-login.jpg","datePublished":"2018-03-24T05:59:20+00:00","dateModified":"2018-03-24T05:59:20+00:00","description":"O plugin WooCommerce para gerenciar a solu\u00e7\u00e3o de pagamento Stripe.","breadcrumb":{"@id":"https:\/\/woo-themes-plugins.com\/pt-br\/produto\/facebook-para-woocommerce-plugin-de-rede-social-plugin-woocommerce\/#breadcrumb"},"inLanguage":"pt-BR","potentialAction":[{"@type":"ReadAction","target":["https:\/\/woo-themes-plugins.com\/pt-br\/produto\/facebook-para-woocommerce-plugin-de-rede-social-plugin-woocommerce\/"]}]},{"@type":"ImageObject","inLanguage":"pt-BR","@id":"https:\/\/woo-themes-plugins.com\/pt-br\/produto\/facebook-para-woocommerce-plugin-de-rede-social-plugin-woocommerce\/#primaryimage","url":"https:\/\/woo-themes-plugins.com\/wp-content\/uploads\/sites\/7\/2018\/03\/Hacking-facebook-login.jpg","contentUrl":"https:\/\/woo-themes-plugins.com\/wp-content\/uploads\/sites\/7\/2018\/03\/Hacking-facebook-login.jpg","width":728,"height":450},{"@type":"BreadcrumbList","@id":"https:\/\/woo-themes-plugins.com\/pt-br\/produto\/facebook-para-woocommerce-plugin-de-rede-social-plugin-woocommerce\/#breadcrumb","itemListElement":[{"@type":"ListItem","position":1,"name":"Accueil","item":"https:\/\/woo-themes-plugins.com\/fr\/"},{"@type":"ListItem","position":2,"name":"Shop","item":"https:\/\/woo-themes-plugins.com\/shop\/"},{"@type":"ListItem","position":3,"name":"Facebook para WooCommerce &#8211; Plugin de Rede Social &#8211; Plugin WooCommerce"}]},{"@type":"WebSite","@id":"https:\/\/woo-themes-plugins.com\/it\/#website","url":"https:\/\/woo-themes-plugins.com\/it\/","name":"Woo-themes-plugins.com","description":"Tous les th\u00e8mes et plugins WooCommerce Premium","potentialAction":[{"@type":"SearchAction","target":{"@type":"EntryPoint","urlTemplate":"https:\/\/woo-themes-plugins.com\/it\/?s={search_term_string}"},"query-input":"required name=search_term_string"}],"inLanguage":"pt-BR"}]}},"_links":{"self":[{"href":"https:\/\/woo-themes-plugins.com\/pt-br\/wp-json\/wp\/v2\/product\/2902","targetHints":{"allow":["GET"]}}],"collection":[{"href":"https:\/\/woo-themes-plugins.com\/pt-br\/wp-json\/wp\/v2\/product"}],"about":[{"href":"https:\/\/woo-themes-plugins.com\/pt-br\/wp-json\/wp\/v2\/types\/product"}],"wp:featuredmedia":[{"embeddable":true,"href":"https:\/\/woo-themes-plugins.com\/pt-br\/wp-json\/wp\/v2\/media\/234"}],"wp:attachment":[{"href":"https:\/\/woo-themes-plugins.com\/pt-br\/wp-json\/wp\/v2\/media?parent=2902"}],"wp:term":[{"taxonomy":"product_cat","embeddable":true,"href":"https:\/\/woo-themes-plugins.com\/pt-br\/wp-json\/wp\/v2\/product_cat?post=2902"},{"taxonomy":"product_tag","embeddable":true,"href":"https:\/\/woo-themes-plugins.com\/pt-br\/wp-json\/wp\/v2\/product_tag?post=2902"}],"curies":[{"name":"wp","href":"https:\/\/api.w.org\/{rel}","templated":true}]}}