{"id":2903,"date":"2018-03-24T06:44:17","date_gmt":"2018-03-24T05:44:17","guid":{"rendered":"https:\/\/woo-themes-plugins.com\/product\/amazon-pay-solucao-de-pagamento-woocommerce-plugin-woocommerce\/"},"modified":"2018-03-24T06:44:17","modified_gmt":"2018-03-24T05:44:17","slug":"amazon-pay-solucao-de-pagamento-woocommerce-plugin-woocommerce","status":"publish","type":"product","link":"https:\/\/woo-themes-plugins.com\/pt-br\/product\/amazon-pay-solucao-de-pagamento-woocommerce-plugin-woocommerce\/","title":{"rendered":"Amazon Pay &#8211; Solu\u00e7\u00e3o de pagamento WooCommerce &#8211; Plugin WooCommerce"},"content":{"rendered":"<p><span id=\"result_box\" class=\"\" lang=\"pt\">Este plug-in Amazon Pay WooCommerce permitir\u00e1 que milh\u00f5es de clientes da Amazon usem as informa\u00e7\u00f5es de sua conta de cliente &#8211; informa\u00e7\u00f5es de pagamento e envio &#8211; diretamente em seu site de com\u00e9rcio eletr\u00f4nico.<\/p>\n<p><span class=\"\">Com esse plug-in WooCommerce, seus clientes s\u00f3 precisar\u00e3o se conectar ao seu site usando o ID da Amazon e tudo o mais complementar\u00e1 automaticamente.<\/span> <span class=\"\">Este plugin trar\u00e1 uma vantagem real em termos de experi\u00eancia do cliente no checkout, conhecido por ser o local do seu site de com\u00e9rcio eletr\u00f4nico onde perdemos mais clientes.<\/span><\/p>\n<p><span class=\"\">Al\u00e9m disso, este plugin da Amazon permitir\u00e1 que voc\u00ea acesse recursos adicionais como:<\/span><\/p>\n<p>Prote\u00e7\u00e3o antifraude da Amazon<br \/>\n<span class=\"\">Pedidos enviados para o Amazon Payments<\/span><br \/>\n<span class=\"\">Widget adaptado para celulares e tablets<\/span><br \/>\nOs clientes ficam no seu site durante todo o processo de compra<br \/>\n<span class=\"\">Suporte para pagamentos recorrentes gra\u00e7as ao plug-in de assinaturas WooCommerce<\/span><\/span><\/p>\n","protected":false},"excerpt":{"rendered":"<p><span id=\"result_box\" class=\"\" lang=\"pt\">O plug-in do Amazon Pay permitir\u00e1 que voc\u00ea integre a solu\u00e7\u00e3o de pagamento de mesmo nome ao seu site de com\u00e9rcio eletr\u00f4nico WooCommerce.<\/span><\/p>\n","protected":false},"featured_media":227,"template":"","meta":{"_monsterinsights_skip_tracking":false,"_monsterinsights_sitenote_active":false,"_monsterinsights_sitenote_note":"","_monsterinsights_sitenote_category":0},"product_cat":[216],"product_tag":[949,927],"class_list":["post-2903","product","type-product","status-publish","has-post-thumbnail","hentry","product_cat-plugin-woocommerce-pt-br","product_tag-extensao-gratuita-do-woocommerce","product_tag-pedido-de-solucao-woocommerce","pa_dev-woo-plugin-theme-woocommerce-pt-br","pa_marketplace-woocommerce-woocommerce-com-pt-br"],"yoast_head":"<!-- This site is optimized with the Yoast SEO plugin v23.1 - https:\/\/yoast.com\/wordpress\/plugins\/seo\/ -->\n<title>Amazon Pay - Solu\u00e7\u00e3o de pagamento WooCommerce - Plugin WooCommerce<\/title>\n<meta name=\"description\" content=\"O plugin WooCommerce para gerenciar a solu\u00e7\u00e3o de pagamento Stripe.\" \/>\n<meta name=\"robots\" content=\"index, follow, max-snippet:-1, max-image-preview:large, max-video-preview:-1\" \/>\n<link rel=\"canonical\" href=\"https:\/\/woo-themes-plugins.com\/pt-br\/produto\/amazon-pay-solucao-de-pagamento-woocommerce-plugin-woocommerce\/\" \/>\n<meta property=\"og:locale\" content=\"pt_BR\" \/>\n<meta property=\"og:type\" content=\"article\" \/>\n<meta property=\"og:title\" content=\"Amazon Pay - Solu\u00e7\u00e3o de pagamento WooCommerce - Plugin WooCommerce\" \/>\n<meta property=\"og:description\" content=\"O plugin WooCommerce para gerenciar a solu\u00e7\u00e3o de pagamento Stripe.\" \/>\n<meta property=\"og:url\" content=\"https:\/\/woo-themes-plugins.com\/pt-br\/produto\/amazon-pay-solucao-de-pagamento-woocommerce-plugin-woocommerce\/\" \/>\n<meta property=\"og:site_name\" content=\"Woo-themes-plugins.com\" \/>\n<meta property=\"og:image\" content=\"https:\/\/woo-themes-plugins.com\/wp-content\/uploads\/sites\/7\/2018\/03\/Amazon-pay.png\" \/>\n\t<meta property=\"og:image:width\" content=\"800\" \/>\n\t<meta property=\"og:image:height\" content=\"600\" \/>\n\t<meta property=\"og:image:type\" content=\"image\/png\" \/>\n<meta name=\"twitter:label1\" content=\"Est. tempo de leitura\" \/>\n\t<meta name=\"twitter:data1\" content=\"1 minuto\" \/>\n<script type=\"application\/ld+json\" class=\"yoast-schema-graph\">{\"@context\":\"https:\/\/schema.org\",\"@graph\":[{\"@type\":\"WebPage\",\"@id\":\"https:\/\/woo-themes-plugins.com\/pt-br\/produto\/amazon-pay-solucao-de-pagamento-woocommerce-plugin-woocommerce\/\",\"url\":\"https:\/\/woo-themes-plugins.com\/pt-br\/produto\/amazon-pay-solucao-de-pagamento-woocommerce-plugin-woocommerce\/\",\"name\":\"Amazon Pay - Solu\u00e7\u00e3o de pagamento WooCommerce - Plugin WooCommerce\",\"isPartOf\":{\"@id\":\"https:\/\/woo-themes-plugins.com\/it\/#website\"},\"primaryImageOfPage\":{\"@id\":\"https:\/\/woo-themes-plugins.com\/pt-br\/produto\/amazon-pay-solucao-de-pagamento-woocommerce-plugin-woocommerce\/#primaryimage\"},\"image\":{\"@id\":\"https:\/\/woo-themes-plugins.com\/pt-br\/produto\/amazon-pay-solucao-de-pagamento-woocommerce-plugin-woocommerce\/#primaryimage\"},\"thumbnailUrl\":\"https:\/\/woo-themes-plugins.com\/wp-content\/uploads\/sites\/7\/2018\/03\/Amazon-pay.png\",\"datePublished\":\"2018-03-24T05:44:17+00:00\",\"dateModified\":\"2018-03-24T05:44:17+00:00\",\"description\":\"O plugin WooCommerce para gerenciar a solu\u00e7\u00e3o de pagamento Stripe.\",\"breadcrumb\":{\"@id\":\"https:\/\/woo-themes-plugins.com\/pt-br\/produto\/amazon-pay-solucao-de-pagamento-woocommerce-plugin-woocommerce\/#breadcrumb\"},\"inLanguage\":\"pt-BR\",\"potentialAction\":[{\"@type\":\"ReadAction\",\"target\":[\"https:\/\/woo-themes-plugins.com\/pt-br\/produto\/amazon-pay-solucao-de-pagamento-woocommerce-plugin-woocommerce\/\"]}]},{\"@type\":\"ImageObject\",\"inLanguage\":\"pt-BR\",\"@id\":\"https:\/\/woo-themes-plugins.com\/pt-br\/produto\/amazon-pay-solucao-de-pagamento-woocommerce-plugin-woocommerce\/#primaryimage\",\"url\":\"https:\/\/woo-themes-plugins.com\/wp-content\/uploads\/sites\/7\/2018\/03\/Amazon-pay.png\",\"contentUrl\":\"https:\/\/woo-themes-plugins.com\/wp-content\/uploads\/sites\/7\/2018\/03\/Amazon-pay.png\",\"width\":800,\"height\":600},{\"@type\":\"BreadcrumbList\",\"@id\":\"https:\/\/woo-themes-plugins.com\/pt-br\/produto\/amazon-pay-solucao-de-pagamento-woocommerce-plugin-woocommerce\/#breadcrumb\",\"itemListElement\":[{\"@type\":\"ListItem\",\"position\":1,\"name\":\"Accueil\",\"item\":\"https:\/\/woo-themes-plugins.com\/fr\/\"},{\"@type\":\"ListItem\",\"position\":2,\"name\":\"Shop\",\"item\":\"https:\/\/woo-themes-plugins.com\/shop\/\"},{\"@type\":\"ListItem\",\"position\":3,\"name\":\"Amazon Pay &#8211; Solu\u00e7\u00e3o de pagamento WooCommerce &#8211; Plugin WooCommerce\"}]},{\"@type\":\"WebSite\",\"@id\":\"https:\/\/woo-themes-plugins.com\/it\/#website\",\"url\":\"https:\/\/woo-themes-plugins.com\/it\/\",\"name\":\"Woo-themes-plugins.com\",\"description\":\"Tous les th\u00e8mes et plugins WooCommerce Premium\",\"potentialAction\":[{\"@type\":\"SearchAction\",\"target\":{\"@type\":\"EntryPoint\",\"urlTemplate\":\"https:\/\/woo-themes-plugins.com\/it\/?s={search_term_string}\"},\"query-input\":\"required name=search_term_string\"}],\"inLanguage\":\"pt-BR\"}]}<\/script>\n<!-- \/ Yoast SEO plugin. -->","yoast_head_json":{"title":"Amazon Pay - Solu\u00e7\u00e3o de pagamento WooCommerce - Plugin WooCommerce","description":"O plugin WooCommerce para gerenciar a solu\u00e7\u00e3o de pagamento Stripe.","robots":{"index":"index","follow":"follow","max-snippet":"max-snippet:-1","max-image-preview":"max-image-preview:large","max-video-preview":"max-video-preview:-1"},"canonical":"https:\/\/woo-themes-plugins.com\/pt-br\/produto\/amazon-pay-solucao-de-pagamento-woocommerce-plugin-woocommerce\/","og_locale":"pt_BR","og_type":"article","og_title":"Amazon Pay - Solu\u00e7\u00e3o de pagamento WooCommerce - Plugin WooCommerce","og_description":"O plugin WooCommerce para gerenciar a solu\u00e7\u00e3o de pagamento Stripe.","og_url":"https:\/\/woo-themes-plugins.com\/pt-br\/produto\/amazon-pay-solucao-de-pagamento-woocommerce-plugin-woocommerce\/","og_site_name":"Woo-themes-plugins.com","og_image":[{"width":800,"height":600,"url":"https:\/\/woo-themes-plugins.com\/wp-content\/uploads\/sites\/7\/2018\/03\/Amazon-pay.png","type":"image\/png"}],"twitter_misc":{"Est. tempo de leitura":"1 minuto"},"schema":{"@context":"https:\/\/schema.org","@graph":[{"@type":"WebPage","@id":"https:\/\/woo-themes-plugins.com\/pt-br\/produto\/amazon-pay-solucao-de-pagamento-woocommerce-plugin-woocommerce\/","url":"https:\/\/woo-themes-plugins.com\/pt-br\/produto\/amazon-pay-solucao-de-pagamento-woocommerce-plugin-woocommerce\/","name":"Amazon Pay - Solu\u00e7\u00e3o de pagamento WooCommerce - Plugin WooCommerce","isPartOf":{"@id":"https:\/\/woo-themes-plugins.com\/it\/#website"},"primaryImageOfPage":{"@id":"https:\/\/woo-themes-plugins.com\/pt-br\/produto\/amazon-pay-solucao-de-pagamento-woocommerce-plugin-woocommerce\/#primaryimage"},"image":{"@id":"https:\/\/woo-themes-plugins.com\/pt-br\/produto\/amazon-pay-solucao-de-pagamento-woocommerce-plugin-woocommerce\/#primaryimage"},"thumbnailUrl":"https:\/\/woo-themes-plugins.com\/wp-content\/uploads\/sites\/7\/2018\/03\/Amazon-pay.png","datePublished":"2018-03-24T05:44:17+00:00","dateModified":"2018-03-24T05:44:17+00:00","description":"O plugin WooCommerce para gerenciar a solu\u00e7\u00e3o de pagamento Stripe.","breadcrumb":{"@id":"https:\/\/woo-themes-plugins.com\/pt-br\/produto\/amazon-pay-solucao-de-pagamento-woocommerce-plugin-woocommerce\/#breadcrumb"},"inLanguage":"pt-BR","potentialAction":[{"@type":"ReadAction","target":["https:\/\/woo-themes-plugins.com\/pt-br\/produto\/amazon-pay-solucao-de-pagamento-woocommerce-plugin-woocommerce\/"]}]},{"@type":"ImageObject","inLanguage":"pt-BR","@id":"https:\/\/woo-themes-plugins.com\/pt-br\/produto\/amazon-pay-solucao-de-pagamento-woocommerce-plugin-woocommerce\/#primaryimage","url":"https:\/\/woo-themes-plugins.com\/wp-content\/uploads\/sites\/7\/2018\/03\/Amazon-pay.png","contentUrl":"https:\/\/woo-themes-plugins.com\/wp-content\/uploads\/sites\/7\/2018\/03\/Amazon-pay.png","width":800,"height":600},{"@type":"BreadcrumbList","@id":"https:\/\/woo-themes-plugins.com\/pt-br\/produto\/amazon-pay-solucao-de-pagamento-woocommerce-plugin-woocommerce\/#breadcrumb","itemListElement":[{"@type":"ListItem","position":1,"name":"Accueil","item":"https:\/\/woo-themes-plugins.com\/fr\/"},{"@type":"ListItem","position":2,"name":"Shop","item":"https:\/\/woo-themes-plugins.com\/shop\/"},{"@type":"ListItem","position":3,"name":"Amazon Pay &#8211; Solu\u00e7\u00e3o de pagamento WooCommerce &#8211; Plugin WooCommerce"}]},{"@type":"WebSite","@id":"https:\/\/woo-themes-plugins.com\/it\/#website","url":"https:\/\/woo-themes-plugins.com\/it\/","name":"Woo-themes-plugins.com","description":"Tous les th\u00e8mes et plugins WooCommerce Premium","potentialAction":[{"@type":"SearchAction","target":{"@type":"EntryPoint","urlTemplate":"https:\/\/woo-themes-plugins.com\/it\/?s={search_term_string}"},"query-input":"required name=search_term_string"}],"inLanguage":"pt-BR"}]}},"_links":{"self":[{"href":"https:\/\/woo-themes-plugins.com\/pt-br\/wp-json\/wp\/v2\/product\/2903","targetHints":{"allow":["GET"]}}],"collection":[{"href":"https:\/\/woo-themes-plugins.com\/pt-br\/wp-json\/wp\/v2\/product"}],"about":[{"href":"https:\/\/woo-themes-plugins.com\/pt-br\/wp-json\/wp\/v2\/types\/product"}],"wp:featuredmedia":[{"embeddable":true,"href":"https:\/\/woo-themes-plugins.com\/pt-br\/wp-json\/wp\/v2\/media\/227"}],"wp:attachment":[{"href":"https:\/\/woo-themes-plugins.com\/pt-br\/wp-json\/wp\/v2\/media?parent=2903"}],"wp:term":[{"taxonomy":"product_cat","embeddable":true,"href":"https:\/\/woo-themes-plugins.com\/pt-br\/wp-json\/wp\/v2\/product_cat?post=2903"},{"taxonomy":"product_tag","embeddable":true,"href":"https:\/\/woo-themes-plugins.com\/pt-br\/wp-json\/wp\/v2\/product_tag?post=2903"}],"curies":[{"name":"wp","href":"https:\/\/api.w.org\/{rel}","templated":true}]}}