{"id":2904,"date":"2018-03-23T20:13:19","date_gmt":"2018-03-23T19:13:19","guid":{"rendered":"https:\/\/woo-themes-plugins.com\/product\/stripe-solucao-de-pagamento-woocommerce-plugin-woocommerce\/"},"modified":"2018-03-23T20:13:19","modified_gmt":"2018-03-23T19:13:19","slug":"stripe-solucao-de-pagamento-woocommerce-plugin-woocommerce","status":"publish","type":"product","link":"https:\/\/woo-themes-plugins.com\/pt-br\/product\/stripe-solucao-de-pagamento-woocommerce-plugin-woocommerce\/","title":{"rendered":"Stripe &#8211; Solu\u00e7\u00e3o de Pagamento WooCommerce &#8211; Plugin WooCommerce"},"content":{"rendered":"<p><span id=\"result_box\" class=\"\" lang=\"pt\">O plugin WooCommerce Stripe permitir\u00e1 que voc\u00ea aceite pagamentos banc\u00e1rios diretamente na p\u00e1gina de pagamento do seu site ou celular. Com o plugin WooCommerce Stripe, seus clientes permanecem em seu site de com\u00e9rcio eletr\u00f4nico durante todo o processo de checkout, sem nunca serem redirecionados para a p\u00e1gina de pagamento do banco. Isso foi demonstrado, esse tipo de opera\u00e7\u00e3o aumenta a credibilidade do site aos olhos dos clientes e, portanto, aumenta naturalmente as vendas.<\/p>\n<p>Stripe \u00e9 um m\u00e9todo simples para aceitar pagamentos banc\u00e1rios diretamente em seu site WooCommerce. Voc\u00ea precisar\u00e1 criar uma conta no Stripe, mas isso \u00e9 gratuito e sem custos ocultos. O Stripe \u00e9 usado por centenas de milhares de sites de com\u00e9rcio eletr\u00f4nico em todo o mundo. <span class=\"\">Com mais de 25 pa\u00edses diferentes gerenciados por esta solu\u00e7\u00e3o banc\u00e1ria, isso \u00e9 facilmente entendido.<\/span> <span class=\"\">Al\u00e9m disso, a Strip aceita n\u00e3o menos que 135 moedas diferentes.<\/span><\/p>\n<p><span class=\"\">Este plugin WooCommerce \u00e9 gratuito.<\/span><\/span><\/p>\n","protected":false},"excerpt":{"rendered":"<p><span id=\"result_box\" class=\"\" lang=\"pt\"><span class=\"\">O plugin Stripe permitir\u00e1 que voc\u00ea integre a solu\u00e7\u00e3o de pagamento de mesmo nome com o seu site eCommerce WooCommerce.<\/span><\/span><\/p>\n","protected":false},"featured_media":218,"template":"","meta":{"_monsterinsights_skip_tracking":false,"_monsterinsights_sitenote_active":false,"_monsterinsights_sitenote_note":"","_monsterinsights_sitenote_category":0},"product_cat":[216],"product_tag":[949,927],"class_list":["post-2904","product","type-product","status-publish","has-post-thumbnail","hentry","product_cat-plugin-woocommerce-pt-br","product_tag-extensao-gratuita-do-woocommerce","product_tag-pedido-de-solucao-woocommerce","pa_dev-woo-plugin-theme-woocommerce-pt-br","pa_marketplace-woocommerce-woocommerce-com-pt-br"],"yoast_head":"<!-- This site is optimized with the Yoast SEO plugin v23.1 - https:\/\/yoast.com\/wordpress\/plugins\/seo\/ -->\n<title>Stripe - Solu\u00e7\u00e3o de Pagamento WooCommerce - Plugin WooCommerce<\/title>\n<meta name=\"description\" content=\"O plugin WooCommerce para gerenciar a solu\u00e7\u00e3o de pagamento Stripe.\" \/>\n<meta name=\"robots\" content=\"index, follow, max-snippet:-1, max-image-preview:large, max-video-preview:-1\" \/>\n<link rel=\"canonical\" href=\"https:\/\/woo-themes-plugins.com\/pt-br\/produto\/stripe-solucao-de-pagamento-woocommerce-plugin-woocommerce\/\" \/>\n<meta property=\"og:locale\" content=\"pt_BR\" \/>\n<meta property=\"og:type\" content=\"article\" \/>\n<meta property=\"og:title\" content=\"Stripe - Solu\u00e7\u00e3o de Pagamento WooCommerce - Plugin WooCommerce\" \/>\n<meta property=\"og:description\" content=\"O plugin WooCommerce para gerenciar a solu\u00e7\u00e3o de pagamento Stripe.\" \/>\n<meta property=\"og:url\" content=\"https:\/\/woo-themes-plugins.com\/pt-br\/produto\/stripe-solucao-de-pagamento-woocommerce-plugin-woocommerce\/\" \/>\n<meta property=\"og:site_name\" content=\"Woo-themes-plugins.com\" \/>\n<meta property=\"og:image\" content=\"https:\/\/woo-themes-plugins.com\/wp-content\/uploads\/sites\/7\/2018\/03\/stripe.jpg\" \/>\n\t<meta property=\"og:image:width\" content=\"1024\" \/>\n\t<meta property=\"og:image:height\" content=\"512\" \/>\n\t<meta property=\"og:image:type\" content=\"image\/jpeg\" \/>\n<meta name=\"twitter:label1\" content=\"Est. tempo de leitura\" \/>\n\t<meta name=\"twitter:data1\" content=\"1 minuto\" \/>\n<script type=\"application\/ld+json\" class=\"yoast-schema-graph\">{\"@context\":\"https:\/\/schema.org\",\"@graph\":[{\"@type\":\"WebPage\",\"@id\":\"https:\/\/woo-themes-plugins.com\/pt-br\/produto\/stripe-solucao-de-pagamento-woocommerce-plugin-woocommerce\/\",\"url\":\"https:\/\/woo-themes-plugins.com\/pt-br\/produto\/stripe-solucao-de-pagamento-woocommerce-plugin-woocommerce\/\",\"name\":\"Stripe - Solu\u00e7\u00e3o de Pagamento WooCommerce - Plugin WooCommerce\",\"isPartOf\":{\"@id\":\"https:\/\/woo-themes-plugins.com\/it\/#website\"},\"primaryImageOfPage\":{\"@id\":\"https:\/\/woo-themes-plugins.com\/pt-br\/produto\/stripe-solucao-de-pagamento-woocommerce-plugin-woocommerce\/#primaryimage\"},\"image\":{\"@id\":\"https:\/\/woo-themes-plugins.com\/pt-br\/produto\/stripe-solucao-de-pagamento-woocommerce-plugin-woocommerce\/#primaryimage\"},\"thumbnailUrl\":\"https:\/\/woo-themes-plugins.com\/wp-content\/uploads\/sites\/7\/2018\/03\/stripe.jpg\",\"datePublished\":\"2018-03-23T19:13:19+00:00\",\"dateModified\":\"2018-03-23T19:13:19+00:00\",\"description\":\"O plugin WooCommerce para gerenciar a solu\u00e7\u00e3o de pagamento Stripe.\",\"breadcrumb\":{\"@id\":\"https:\/\/woo-themes-plugins.com\/pt-br\/produto\/stripe-solucao-de-pagamento-woocommerce-plugin-woocommerce\/#breadcrumb\"},\"inLanguage\":\"pt-BR\",\"potentialAction\":[{\"@type\":\"ReadAction\",\"target\":[\"https:\/\/woo-themes-plugins.com\/pt-br\/produto\/stripe-solucao-de-pagamento-woocommerce-plugin-woocommerce\/\"]}]},{\"@type\":\"ImageObject\",\"inLanguage\":\"pt-BR\",\"@id\":\"https:\/\/woo-themes-plugins.com\/pt-br\/produto\/stripe-solucao-de-pagamento-woocommerce-plugin-woocommerce\/#primaryimage\",\"url\":\"https:\/\/woo-themes-plugins.com\/wp-content\/uploads\/sites\/7\/2018\/03\/stripe.jpg\",\"contentUrl\":\"https:\/\/woo-themes-plugins.com\/wp-content\/uploads\/sites\/7\/2018\/03\/stripe.jpg\",\"width\":1024,\"height\":512},{\"@type\":\"BreadcrumbList\",\"@id\":\"https:\/\/woo-themes-plugins.com\/pt-br\/produto\/stripe-solucao-de-pagamento-woocommerce-plugin-woocommerce\/#breadcrumb\",\"itemListElement\":[{\"@type\":\"ListItem\",\"position\":1,\"name\":\"Accueil\",\"item\":\"https:\/\/woo-themes-plugins.com\/fr\/\"},{\"@type\":\"ListItem\",\"position\":2,\"name\":\"Shop\",\"item\":\"https:\/\/woo-themes-plugins.com\/shop\/\"},{\"@type\":\"ListItem\",\"position\":3,\"name\":\"Stripe &#8211; Solu\u00e7\u00e3o de Pagamento WooCommerce &#8211; Plugin WooCommerce\"}]},{\"@type\":\"WebSite\",\"@id\":\"https:\/\/woo-themes-plugins.com\/it\/#website\",\"url\":\"https:\/\/woo-themes-plugins.com\/it\/\",\"name\":\"Woo-themes-plugins.com\",\"description\":\"Tous les th\u00e8mes et plugins WooCommerce Premium\",\"potentialAction\":[{\"@type\":\"SearchAction\",\"target\":{\"@type\":\"EntryPoint\",\"urlTemplate\":\"https:\/\/woo-themes-plugins.com\/it\/?s={search_term_string}\"},\"query-input\":\"required name=search_term_string\"}],\"inLanguage\":\"pt-BR\"}]}<\/script>\n<!-- \/ Yoast SEO plugin. -->","yoast_head_json":{"title":"Stripe - Solu\u00e7\u00e3o de Pagamento WooCommerce - Plugin WooCommerce","description":"O plugin WooCommerce para gerenciar a solu\u00e7\u00e3o de pagamento Stripe.","robots":{"index":"index","follow":"follow","max-snippet":"max-snippet:-1","max-image-preview":"max-image-preview:large","max-video-preview":"max-video-preview:-1"},"canonical":"https:\/\/woo-themes-plugins.com\/pt-br\/produto\/stripe-solucao-de-pagamento-woocommerce-plugin-woocommerce\/","og_locale":"pt_BR","og_type":"article","og_title":"Stripe - Solu\u00e7\u00e3o de Pagamento WooCommerce - Plugin WooCommerce","og_description":"O plugin WooCommerce para gerenciar a solu\u00e7\u00e3o de pagamento Stripe.","og_url":"https:\/\/woo-themes-plugins.com\/pt-br\/produto\/stripe-solucao-de-pagamento-woocommerce-plugin-woocommerce\/","og_site_name":"Woo-themes-plugins.com","og_image":[{"width":1024,"height":512,"url":"https:\/\/woo-themes-plugins.com\/wp-content\/uploads\/sites\/7\/2018\/03\/stripe.jpg","type":"image\/jpeg"}],"twitter_misc":{"Est. tempo de leitura":"1 minuto"},"schema":{"@context":"https:\/\/schema.org","@graph":[{"@type":"WebPage","@id":"https:\/\/woo-themes-plugins.com\/pt-br\/produto\/stripe-solucao-de-pagamento-woocommerce-plugin-woocommerce\/","url":"https:\/\/woo-themes-plugins.com\/pt-br\/produto\/stripe-solucao-de-pagamento-woocommerce-plugin-woocommerce\/","name":"Stripe - Solu\u00e7\u00e3o de Pagamento WooCommerce - Plugin WooCommerce","isPartOf":{"@id":"https:\/\/woo-themes-plugins.com\/it\/#website"},"primaryImageOfPage":{"@id":"https:\/\/woo-themes-plugins.com\/pt-br\/produto\/stripe-solucao-de-pagamento-woocommerce-plugin-woocommerce\/#primaryimage"},"image":{"@id":"https:\/\/woo-themes-plugins.com\/pt-br\/produto\/stripe-solucao-de-pagamento-woocommerce-plugin-woocommerce\/#primaryimage"},"thumbnailUrl":"https:\/\/woo-themes-plugins.com\/wp-content\/uploads\/sites\/7\/2018\/03\/stripe.jpg","datePublished":"2018-03-23T19:13:19+00:00","dateModified":"2018-03-23T19:13:19+00:00","description":"O plugin WooCommerce para gerenciar a solu\u00e7\u00e3o de pagamento Stripe.","breadcrumb":{"@id":"https:\/\/woo-themes-plugins.com\/pt-br\/produto\/stripe-solucao-de-pagamento-woocommerce-plugin-woocommerce\/#breadcrumb"},"inLanguage":"pt-BR","potentialAction":[{"@type":"ReadAction","target":["https:\/\/woo-themes-plugins.com\/pt-br\/produto\/stripe-solucao-de-pagamento-woocommerce-plugin-woocommerce\/"]}]},{"@type":"ImageObject","inLanguage":"pt-BR","@id":"https:\/\/woo-themes-plugins.com\/pt-br\/produto\/stripe-solucao-de-pagamento-woocommerce-plugin-woocommerce\/#primaryimage","url":"https:\/\/woo-themes-plugins.com\/wp-content\/uploads\/sites\/7\/2018\/03\/stripe.jpg","contentUrl":"https:\/\/woo-themes-plugins.com\/wp-content\/uploads\/sites\/7\/2018\/03\/stripe.jpg","width":1024,"height":512},{"@type":"BreadcrumbList","@id":"https:\/\/woo-themes-plugins.com\/pt-br\/produto\/stripe-solucao-de-pagamento-woocommerce-plugin-woocommerce\/#breadcrumb","itemListElement":[{"@type":"ListItem","position":1,"name":"Accueil","item":"https:\/\/woo-themes-plugins.com\/fr\/"},{"@type":"ListItem","position":2,"name":"Shop","item":"https:\/\/woo-themes-plugins.com\/shop\/"},{"@type":"ListItem","position":3,"name":"Stripe &#8211; Solu\u00e7\u00e3o de Pagamento WooCommerce &#8211; Plugin WooCommerce"}]},{"@type":"WebSite","@id":"https:\/\/woo-themes-plugins.com\/it\/#website","url":"https:\/\/woo-themes-plugins.com\/it\/","name":"Woo-themes-plugins.com","description":"Tous les th\u00e8mes et plugins WooCommerce Premium","potentialAction":[{"@type":"SearchAction","target":{"@type":"EntryPoint","urlTemplate":"https:\/\/woo-themes-plugins.com\/it\/?s={search_term_string}"},"query-input":"required name=search_term_string"}],"inLanguage":"pt-BR"}]}},"_links":{"self":[{"href":"https:\/\/woo-themes-plugins.com\/pt-br\/wp-json\/wp\/v2\/product\/2904","targetHints":{"allow":["GET"]}}],"collection":[{"href":"https:\/\/woo-themes-plugins.com\/pt-br\/wp-json\/wp\/v2\/product"}],"about":[{"href":"https:\/\/woo-themes-plugins.com\/pt-br\/wp-json\/wp\/v2\/types\/product"}],"wp:featuredmedia":[{"embeddable":true,"href":"https:\/\/woo-themes-plugins.com\/pt-br\/wp-json\/wp\/v2\/media\/218"}],"wp:attachment":[{"href":"https:\/\/woo-themes-plugins.com\/pt-br\/wp-json\/wp\/v2\/media?parent=2904"}],"wp:term":[{"taxonomy":"product_cat","embeddable":true,"href":"https:\/\/woo-themes-plugins.com\/pt-br\/wp-json\/wp\/v2\/product_cat?post=2904"},{"taxonomy":"product_tag","embeddable":true,"href":"https:\/\/woo-themes-plugins.com\/pt-br\/wp-json\/wp\/v2\/product_tag?post=2904"}],"curies":[{"name":"wp","href":"https:\/\/api.w.org\/{rel}","templated":true}]}}